{"id":60,"date":"2021-09-22T05:00:36","date_gmt":"2021-09-22T05:00:36","guid":{"rendered":"https:\/\/shtheme.org\/demosd\/gorman\/?page_id=60"},"modified":"2025-09-27T21:27:31","modified_gmt":"2025-09-27T18:27:31","slug":"light-home-page","status":"publish","type":"page","link":"https:\/\/aycagurses.com\/tr\/","title":{"rendered":"Light Home Page"},"content":{"rendered":"<div data-elementor-type=\"wp-page\" data-elementor-id=\"60\" class=\"elementor elementor-60\" data-elementor-settings=\"[]\">\n\t\t\t\t\t\t\t<div class=\"elementor-section-wrap\">\n\t\t\t\t\t\t\t<section class=\"elementor-section elementor-top-section elementor-element elementor-element-ca33272 elementor-section-full_width elementor-section-height-default elementor-section-height-default\" data-id=\"ca33272\" data-element_type=\"section\">\n\t\t\t\t\t\t<div class=\"elementor-container elementor-column-gap-no\">\n\t\t\t\t\t<div class=\"elementor-column elementor-col-100 elementor-top-column elementor-element elementor-element-2da4756\" data-id=\"2da4756\" data-element_type=\"column\">\n\t\t\t<div class=\"elementor-widget-wrap elementor-element-populated\">\n\t\t\t\t\t\t\t\t<div class=\"elementor-element elementor-element-e3bf220 elementor-align-left elementor-widget elementor-widget-home-slider\" data-id=\"e3bf220\" data-element_type=\"widget\" data-widget_type=\"home-slider.default\">\n\t\t\t\t<div class=\"elementor-widget-container\">\n\t\t\t\r\n\t\t<section id=\"home\">\r\n\t\t\t<div class=\"gorman-hero js-fullheight\">\r\n\t\t\t\t<div class=\"flexslider js-fullheight\">\r\n\t\t\t\t\t<ul class=\"slides\">\r\n\t\t\t\t\t\t\t\t\t\t\t\t<li style=\"background-image: url(http:\/\/aycagurses.com\/wp-content\/uploads\/2025\/02\/1449a0f2-69e4-48d8-aff9-87a65df4e689-scaled.jpg);\">\r\n\t\t\t\t\t\t\t\t\t\t\t\t\t<div class=\"container\">\r\n\t\t\t\t\t\t\t\t<div class=\"row\">\r\n\t\t\t\t\t\t\t\t\t<div class=\"col-md-6 offset-md-6 js-fullheight slider-text\">\r\n\t\t\t\t\t\t\t\t\t\t<div class=\"slider-text-inner\">\r\n\t\t\t\t\t\t\t\t\t\t\t<div class=\"desc\">\r\n\t\t\t\t\t\t\t\t\t\t\t\t\t\t\t\t\t\t\t\t\t\t\t\t<h2>Ayca Gurses<\/h2>\r\n\t\t\t\t\t\t\t\t\t\t\t\t\t\t\t\t\t\t\t\t\t\t\t\t\t\t\t\t\t\t\t\t\t\t\t\t<h6>Computer Engineer<\/h6>\r\n\t\t\t\t\t\t\t\t\t\t\t\t\t\t\t\t\t\t\t\t\t\t\t\t<div class=\"line\"><\/div>\r\n\t\t\t\t\t\t\t\t\t\t\t\t<div class=\"cardvisit-list\">\r\n\t\t\t\t\t\t\t\t\t\t\t\t\t\t\t\t\t\t\t\t\t\t\t\t\t\t\t<div class=\"list\">\r\n\t\t\t\t\t\t\t\t\t\t\t\t\t\t\t\t\t\t\t\t\t\t\t\t\t\t\t\t\t\t\t<div class=\"icon\"><i class=\"ti-email\"><\/i><\/div>\r\n\t\t\t\t\t\t\t\t\t\t\t\t\t\t\t\t\t\t\t\t\t\t\t\t\t\t\t\t\t\t\t\t\t\t\t\t\t\t\t\t\t\t\t\t\t\t<div class=\"text\">\r\n\t\t\t\t\t\t\t\t\t\t\t\t\t\t\t\t\t<p><a href=\"mailto:contact@aycagurses.com\">contact@aycagurses.com<\/a><\/p>\r\n\t\t\t\t\t\t\t\t\t\t\t\t\t\t\t\t<\/div>\r\n\t\t\t\t\t\t\t\t\t\t\t\t\t\t\t\t\t\t\t\t\t\t\t\t\t\t\t\t\t<\/div>\r\n\t\t\t\t\t\t\t\t\t\t\t\t\t\t\t\t\t\t\t\t\t\t\t\t\t\t\t<div class=\"list\">\r\n\t\t\t\t\t\t\t\t\t\t\t\t\t\t\t\t\t\t\t\t\t\t\t\t\t\t\t\t\t\t\t<div class=\"icon\"><i class=\"ti-location-pin\"><\/i><\/div>\r\n\t\t\t\t\t\t\t\t\t\t\t\t\t\t\t\t\t\t\t\t\t\t\t\t\t\t\t\t\t\t\t\t\t\t\t\t\t\t\t\t\t\t\t\t\t\t<div class=\"text\">\r\n\t\t\t\t\t\t\t\t\t\t\t\t\t\t\t\t\t<p>Istanbul, Turkiye<\/p>\r\n\t\t\t\t\t\t\t\t\t\t\t\t\t\t\t\t<\/div>\r\n\t\t\t\t\t\t\t\t\t\t\t\t\t\t\t\t\t\t\t\t\t\t\t\t\t\t\t\t\t<\/div>\r\n\t\t\t\t\t\t\t\t\t\t\t\t\t\t\t\t\t\t\t\t\t\t\t\t\t<\/div>\r\n\t\t\t\t\t\t\t\t\t\t\t<\/div>\r\n\t\t\t\t\t\t\t\t\t\t<\/div>\r\n\t\t\t\t\t\t\t\t\t<\/div>\r\n\t\t\t\t\t\t\t\t<\/div>\r\n\t\t\t\t\t\t\t<\/div>\r\n\t\t\t\t\t\t<\/li>\r\n\t\t\t\t\t<\/ul>\r\n\t\t\t\t<\/div>\r\n\t\t\t<\/div>\r\n\t\t<\/section>\r\n\r\n\t\t\t<\/div>\n\t\t\t\t<\/div>\n\t\t\t\t\t<\/div>\n\t\t<\/div>\n\t\t\t\t\t\t\t<\/div>\n\t\t<\/section>\n\t\t\t\t<section class=\"elementor-section elementor-top-section elementor-element elementor-element-ae3772f elementor-section-full_width elementor-section-height-default elementor-section-height-default\" data-id=\"ae3772f\" data-element_type=\"section\">\n\t\t\t\t\t\t<div class=\"elementor-container elementor-column-gap-no\">\n\t\t\t\t\t<div class=\"elementor-column elementor-col-100 elementor-top-column elementor-element elementor-element-a00dbfd\" data-id=\"a00dbfd\" data-element_type=\"column\">\n\t\t\t<div class=\"elementor-widget-wrap elementor-element-populated\">\n\t\t\t\t\t\t\t\t<div class=\"elementor-element elementor-element-76cc1af elementor-align-left elementor-widget elementor-widget-home-about\" data-id=\"76cc1af\" data-element_type=\"widget\" data-widget_type=\"home-about.default\">\n\t\t\t\t<div class=\"elementor-widget-container\">\n\t\t\t\r\n\t\t<section id=\"about\" class=\"section-padding clear\">\r\n\t\t\t<div class=\"container\">\r\n\t\t\t\t<div class=\"row\">\r\n\t\t\t\t\t<div class=\"col-md-6 mb-30\">\r\n\t\t\t\t\t\t\t\t\t\t\t\t<h6 class=\"heading-subtitle\">About Me<\/h6>\r\n\t\t\t\t\t\t\t\t\t\t\t\t\t\t\t\t\t\t<h2 class=\"heading-title\">Ayca Gurses<\/h2> \r\n\t\t\t\t\t\t\t\t\t\t\t\t\t\t\t\t\t\t<p class=\"mb-30\">Merhaba! Ben Ay\u00e7a G\u00fcrses, \u0130stanbul'dan Bilgisayar M\u00fchendisli\u011fi lisans ve Yapay Zeka y\u00fcksek lisans derecesine sahip bir Bilgisayar M\u00fchendisiyim. Web uygulamalar\u0131, CRM ve sat\u0131n alma sistemleri ve g\u00fcvenli dijital \u00e7\u00f6z\u00fcmler olu\u015fturmak i\u00e7in SDLC'nin en iyi uygulamalar\u0131n\u0131 takip ederek \u00e7e\u015fitli BT projelerini ba\u015ftan sona y\u00f6nettim. NET, C# ve SQL Server kullanarak uygulamalar geli\u015ftiriyorum ve duygu analizi ve rakam tan\u0131ma gibi projeler de dahil olmak \u00fczere veri analizi ve makine \u00f6\u011frenimi i\u00e7in Python ile \u00e7al\u0131\u015f\u0131yorum. Karma\u015f\u0131k zorluklar\u0131 a\u00e7\u0131k, basit ve yenilik\u00e7i yakla\u015f\u0131mlarla \u00e7\u00f6zmekten keyif al\u0131yorum.<br> Welcome to my website! You can learn more about my projects, read my technical insights, and see how I work to solve real problems with technology.\n<\/p>\r\n\t\t\t\t\t\t\t\t\t\t\t\t<div class=\"about-info\">\r\n\t\t\t\t\t\t\t<div class=\"row\">\r\n\t\t\t\t\t\t\t\t<div class=\"col-md-6\">\r\n\t\t\t\t\t\t\t\t\t\t\t\t\t\t\t\t\t\t<p><b>Degree:<\/b> Artificial Intelligance Master<\/p>\n<p><b>Mail:<\/b> iletisim@aycagurses.com<\/p>\t\t\t\t\t\t\t\t\t\t\t\t\t\t\t\t\t<\/div>\r\n\t\t\t\t\t\t\t\t<div class=\"col-md-6\">\r\n\t\t\t\t\t\t\t\t\t\t\t\t\t\t\t\t\t\t<p><b>Linkedin:<\/b> <a href=\"https:\/\/www.linkedin.com\/in\/aycgurses\/\" target=\"_blank\" rel=\"noopener noreferrer\">@aycgurses<\/a><\/p>\n\n\n<p><b>Freelance:<\/b> Available<\/p>\t\t\t\t\t\t\t\t\t\t\t\t\t\t\t\t\t<\/div>\r\n\t\t\t\t\t\t\t<\/div>\r\n\t\t\t\t\t\t<\/div>\r\n\t\t\t\t\t\t\t\t\t\t\t\t<div class=\"btn-2 mb-5\"><a href=\"https:\/\/drive.google.com\/file\/d\/1qaF5GLB7oHUwogozaYfPMW3-93ieH4I3\/view?usp=sharing\"><span>Download CV  <i class=\"ti-download\"><\/i><\/span><\/a><\/div>\r\n\t\t\t\t\t\t\t\t\t\t\t<\/div>\r\n\t\t\t\t\t<div class=\"col-md-5 offset-md-1\">\r\n\t\t\t\t\t\t\t\t\t\t\t\t<div class=\"about-img animate-box\" data-animate-effect=\"fadeInUp\">\r\n\t\t\t\t\t\t\t<div class=\"img\"> <img decoding=\"async\" src=\"http:\/\/aycagurses.com\/wp-content\/uploads\/2025\/02\/4e61a639-adf4-4df2-a800-981927b0b144-scaled.jpg\" alt=\"\"> <\/div>\r\n\t\t\t\t\t\t<\/div>\r\n\t\t\t\t\t\t\t\t\t\t\t<\/div>\r\n\t\t\t\t<\/div>\r\n\t\t\t<\/div>\r\n\t\t<\/section>\r\n\r\n\t\t\t<\/div>\n\t\t\t\t<\/div>\n\t\t\t\t\t<\/div>\n\t\t<\/div>\n\t\t\t\t\t\t\t<\/div>\n\t\t<\/section>\n\t\t\t\t<section class=\"elementor-section elementor-top-section elementor-element elementor-element-b75e222 elementor-section-full_width elementor-section-height-default elementor-section-height-default\" data-id=\"b75e222\" data-element_type=\"section\">\n\t\t\t\t\t\t<div class=\"elementor-container elementor-column-gap-no\">\n\t\t\t\t\t<div class=\"elementor-column elementor-col-100 elementor-top-column elementor-element elementor-element-5965f52\" data-id=\"5965f52\" data-element_type=\"column\">\n\t\t\t<div class=\"elementor-widget-wrap elementor-element-populated\">\n\t\t\t\t\t\t\t\t<div class=\"elementor-element elementor-element-c0ee6f2 elementor-align-left elementor-widget elementor-widget-home-resume\" data-id=\"c0ee6f2\" data-element_type=\"widget\" data-widget_type=\"home-resume.default\">\n\t\t\t\t<div class=\"elementor-widget-container\">\n\t\t\t\r\n\t\t\t\t<section id=\"resume\" class=\"resume section-padding bg-img bg-fixed\" data-overlay-brown=\"8\" data-background=\"http:\/\/aycagurses.com\/wp-content\/uploads\/2025\/02\/Adsiz-tasarim-1.png\">\r\n\t\t\t\t\t\t<div class=\"container\">\r\n\t\t\t\t<div class=\"row\">\r\n\t\t\t\t\t<div class=\"col-md-5 valign\">\r\n\t\t\t\t\t\t<div class=\"o-hidden full-width\">\r\n\t\t\t\t\t\t\t<div class=\"profile\">\r\n\t\t\t\t\t\t\t\t<div class=\"block\">\r\n\t\t\t\t\t\t\t\t\t\t\t\t\t\t\t\t\t\t<h4>Experience<\/h4>\r\n\t\t\t\t\t\t\t\t\t\t\t\t\t\t\t\t\t\t\t\t\t\t\t\t\t\t\t<div class=\"item\">\r\n\t\t\t\t\t\t\t\t\t\t\t\t\t\t\t\t\t\t\t\t<h6>Insider <span> Apr 202 - Current<\/h6>\r\n\t\t\t\t\t\t\t\t\t\t\t\t\t\t\t\t\t\t\t\t\t\t\t\t\t\t\t\t\t\t<p>\nTechnical Support Consultant<\/p>\r\n\t\t\t\t\t\t\t\t\t\t\t\t\t\t\t\t\t\t\t<\/div>\r\n\t\t\t\t\t\t\t\t\t\t\t\t\t\t\t\t\t\t<div class=\"item\">\r\n\t\t\t\t\t\t\t\t\t\t\t\t\t\t\t\t\t\t\t\t<h6>ICMC Turkey &amp; Middle East <span>Nov 2023 - Present<\/span><\/h6>\r\n\t\t\t\t\t\t\t\t\t\t\t\t\t\t\t\t\t\t\t\t\t\t\t\t\t\t\t\t\t\t<p>Application Support Specialist<\/p>\r\n\t\t\t\t\t\t\t\t\t\t\t\t\t\t\t\t\t\t\t<\/div>\r\n\t\t\t\t\t\t\t\t\t\t\t\t\t\t\t\t\t\t<div class=\"item\">\r\n\t\t\t\t\t\t\t\t\t\t\t\t\t\t\t\t\t\t\t\t<h6>CoinO  <span>Feb 2023 - Aug 2023<\/span><\/h6>\r\n\t\t\t\t\t\t\t\t\t\t\t\t\t\t\t\t\t\t\t\t\t\t\t\t\t\t\t\t\t\t<p>Software Development Specialist\n<\/p>\r\n\t\t\t\t\t\t\t\t\t\t\t\t\t\t\t\t\t\t\t<\/div>\r\n\t\t\t\t\t\t\t\t\t\t\t\t\t\t\t\t\t\t<div class=\"item\">\r\n\t\t\t\t\t\t\t\t\t\t\t\t\t\t\t\t\t\t\t\t<h6>\u0130stanbul Ni\u015fanta\u015f\u0131 \u00dcniversitesi <span>Nov 2022 - Feb 2023<\/h6>\r\n\t\t\t\t\t\t\t\t\t\t\t\t\t\t\t\t\t\t\t\t\t\t\t\t\t\t\t\t\t\t<p>Data Specialist\n<\/p>\r\n\t\t\t\t\t\t\t\t\t\t\t\t\t\t\t\t\t\t\t<\/div>\r\n\t\t\t\t\t\t\t\t\t\t\t\t\t\t\t\t\t\t<div class=\"item\">\r\n\t\t\t\t\t\t\t\t\t\t\t\t\t\t\t\t\t\t\t\t<h6>Kopa\u015f Kozmetik <span> Nov 2022 - Feb 2023<\/h6>\r\n\t\t\t\t\t\t\t\t\t\t\t\t\t\t\t\t\t\t\t\t\t\t\t\t\t\t\t\t\t\t<p>Digital Marketing Assistant Specialist<\/p>\r\n\t\t\t\t\t\t\t\t\t\t\t\t\t\t\t\t\t\t\t<\/div>\r\n\t\t\t\t\t\t\t\t\t\t\t\t\t\t\t\t\t\t<div class=\"item\">\r\n\t\t\t\t\t\t\t\t\t\t\t\t\t\t\t\t\t\t\t\t<h6>Kopa\u015f Kozmetik <span> Mar 2021 - Jun 2022<\/h6>\r\n\t\t\t\t\t\t\t\t\t\t\t\t\t\t\t\t\t\t\t\t\t\t\t\t\t\t\t\t\t\t<p>Digital Marketing Trainee<\/p>\r\n\t\t\t\t\t\t\t\t\t\t\t\t\t\t\t\t\t\t\t<\/div>\r\n\t\t\t\t\t\t\t\t\t\t\t\t\t\t\t\t\t<\/div>\r\n\t\t\t\t\t\t\t<\/div>\r\n\t\t\t\t\t\t<\/div>\r\n\t\t\t\t\t<\/div>\r\n\t\t\t\t\t<div class=\"col-md-5 offset-md-2 valign\">\r\n\t\t\t\t\t\t<div class=\"o-hidden full-width\">\r\n\t\t\t\t\t\t\t<div class=\"profile\">\r\n\t\t\t\t\t\t\t\t<div class=\"block\">\r\n\t\t\t\t\t\t\t\t\t\t\t\t\t\t\t\t\t\t<h4>Education<\/h4>\r\n\t\t\t\t\t\t\t\t\t\t\t\t\t\t\t\t\t\t\t\t\t\t\t\t\t\t\t<div class=\"item\">\r\n\t\t\t\t\t\t\t\t\t\t\t\t\t\t\t\t\t\t\t\t<h6>Artificial Intelligence Engineering <span>2023 - 2023 <br> <\/span>\n<br> -Master's Degree<\/h6>\r\n\t\t\t\t\t\t\t\t\t\t\t\t\t\t\t\t\t\t\t\t\t\t\t\t\t\t\t\t\t\t<p>\u0130stanbul Ni\u015fanta\u015f\u0131 \u00dcniversitesi<\/p>\r\n\t\t\t\t\t\t\t\t\t\t\t\t\t\t\t\t\t\t\t<\/div>\r\n\t\t\t\t\t\t\t\t\t\t\t\t\t\t\t\t\t\t<div class=\"item\">\r\n\t\t\t\t\t\t\t\t\t\t\t\t\t\t\t\t\t\t\t\t<h6>Computer Engineering\n<span>2018 - 2022 <br> <\/span>\n<br> -Bachelor's Degree<\/h6>\r\n\t\t\t\t\t\t\t\t\t\t\t\t\t\t\t\t\t\t\t\t\t\t\t\t\t\t\t\t\t\t<p>\u0130stanbul Ni\u015fanta\u015f\u0131 \u00dcniversitesi<\/p>\r\n\t\t\t\t\t\t\t\t\t\t\t\t\t\t\t\t\t\t\t<\/div>\r\n\t\t\t\t\t\t\t\t\t\t\t\t\t\t\t\t\t<\/div>\r\n\t\t\t\t\t\t\t<\/div>\r\n\t\t\t\t\t\t<\/div>\r\n\t\t\t\t\t<\/div>\r\n\t\t\t\t<\/div>\r\n\t\t\t<\/div>\r\n\t\t<\/section>\r\n\r\n\t\t\t<\/div>\n\t\t\t\t<\/div>\n\t\t\t\t\t<\/div>\n\t\t<\/div>\n\t\t\t\t\t\t\t<\/div>\n\t\t<\/section>\n\t\t\t\t<section class=\"elementor-section elementor-top-section elementor-element elementor-element-a86cc32 elementor-section-full_width elementor-section-height-default elementor-section-height-default\" data-id=\"a86cc32\" data-element_type=\"section\">\n\t\t\t\t\t\t<div class=\"elementor-container elementor-column-gap-no\">\n\t\t\t\t\t<div class=\"elementor-column elementor-col-100 elementor-top-column elementor-element elementor-element-976cd9b\" data-id=\"976cd9b\" data-element_type=\"column\">\n\t\t\t<div class=\"elementor-widget-wrap elementor-element-populated\">\n\t\t\t\t\t\t\t\t<div class=\"elementor-element elementor-element-de78e9c elementor-align-left elementor-widget elementor-widget-home-work\" data-id=\"de78e9c\" data-element_type=\"widget\" data-widget_type=\"home-work.default\">\n\t\t\t\t<div class=\"elementor-widget-container\">\n\t\t\t\t\t<section id=\"work\" class=\"section-padding\">\r\n\t\t\t<div class=\"container\">\r\n\t\t\t\t<div class=\"row\">\r\n\t\t\t\t\t<div class=\"col-md-12\">\r\n\t\t\t\t\t\t\t\t\t\t\t\t<h6 class=\"heading-subtitle\">Recent work completed<\/h6>\r\n\t\t\t\t\t\t\t\t\t\t\t\t\t\t\t<h2 class=\"heading-title\">Work Showcase<\/h2> \r\n\t\t\t\t\t\t\t<\/div>\r\n\t\t<\/div>\r\n\t\t<div class=\"row\">\r\n\t\t\t\t\t\t\t<div class=\"work-container col-md-4\">\r\n\t\t\t\t\t<a href=\"https:\/\/aycagurses.com\/tr\/portfolio\/microsoft-dynamics-365-communication-crm\/\">\r\n\t\t\t\t\t\t<div class=\"work-zoomer\"> <img decoding=\"async\" src=\"https:\/\/aycagurses.com\/wp-content\/uploads\/2024\/11\/Microsoft-1.png\" alt=\"\" \/>\r\n\t\t\t\t\t\t\t<div class=\"overlay\">\r\n\t\t\t\t\t\t\t\t<div class=\"work-texts\">\r\n\t\t\t\t\t\t\t\t\t<h5>Microsoft Dynamics 365 &#8211; Communication CRM<\/h5>\r\n\t\t\t\t\t\t\t\t\t<div class=\"line\"><\/div>\r\n\t\t\t\t\t\t\t\t\t<p>Unified CRM, Microsoft Dynamics 365, Agile Project Management, Multi-Channel Integration<\/p>\r\n\t\t\t\t\t\t\t\t<\/div>\r\n\t\t\t\t\t\t\t<\/div>\r\n\t\t\t\t\t\t<\/div>\r\n\t\t\t\t\t<\/a>\r\n\t\t\t\t<\/div>\r\n\t\t\t\t\t\t\t<div class=\"work-container col-md-4\">\r\n\t\t\t\t\t<a href=\"https:\/\/aycagurses.com\/tr\/portfolio\/procurement-management-system-implementation\/\">\r\n\t\t\t\t\t\t<div class=\"work-zoomer\"> <img decoding=\"async\" src=\"https:\/\/aycagurses.com\/wp-content\/uploads\/2021\/11\/Microsoft-2.png\" alt=\"\" \/>\r\n\t\t\t\t\t\t\t<div class=\"overlay\">\r\n\t\t\t\t\t\t\t\t<div class=\"work-texts\">\r\n\t\t\t\t\t\t\t\t\t<h5>Procurement Management System Implementation<\/h5>\r\n\t\t\t\t\t\t\t\t\t<div class=\"line\"><\/div>\r\n\t\t\t\t\t\t\t\t\t<p> SDLC, Agile Methodology, Vendor Management, Procurement Automation<\/p>\r\n\t\t\t\t\t\t\t\t<\/div>\r\n\t\t\t\t\t\t\t<\/div>\r\n\t\t\t\t\t\t<\/div>\r\n\t\t\t\t\t<\/a>\r\n\t\t\t\t<\/div>\r\n\t\t\t\t\t\t\t<div class=\"work-container col-md-4\">\r\n\t\t\t\t\t<a href=\"https:\/\/aycagurses.com\/tr\/portfolio\/project-03\/\">\r\n\t\t\t\t\t\t<div class=\"work-zoomer\"> <img decoding=\"async\" src=\"https:\/\/aycagurses.com\/wp-content\/uploads\/2021\/11\/Microsoft-3.png\" alt=\"\" \/>\r\n\t\t\t\t\t\t\t<div class=\"overlay\">\r\n\t\t\t\t\t\t\t\t<div class=\"work-texts\">\r\n\t\t\t\t\t\t\t\t\t<h5>HR &#038; Security System Integration<\/h5>\r\n\t\t\t\t\t\t\t\t\t<div class=\"line\"><\/div>\r\n\t\t\t\t\t\t\t\t\t<p>Product Design, Adobe XD, Photoshop, Illustrator, Figma, Sketch<\/p>\r\n\t\t\t\t\t\t\t\t<\/div>\r\n\t\t\t\t\t\t\t<\/div>\r\n\t\t\t\t\t\t<\/div>\r\n\t\t\t\t\t<\/a>\r\n\t\t\t\t<\/div>\r\n\t\t\t\t\t\t\t<div class=\"work-container col-md-4\">\r\n\t\t\t\t\t<a href=\"https:\/\/aycagurses.com\/tr\/portfolio\/user-data-privacy-google-vs-apple\/\">\r\n\t\t\t\t\t\t<div class=\"work-zoomer\"> <img decoding=\"async\" src=\"https:\/\/aycagurses.com\/wp-content\/uploads\/2021\/11\/4.jpg\" alt=\"\" \/>\r\n\t\t\t\t\t\t\t<div class=\"overlay\">\r\n\t\t\t\t\t\t\t\t<div class=\"work-texts\">\r\n\t\t\t\t\t\t\t\t\t<h5>User Data Privacy: Google vs Apple<\/h5>\r\n\t\t\t\t\t\t\t\t\t<div class=\"line\"><\/div>\r\n\t\t\t\t\t\t\t\t\t<p>Book &amp; Font Design, Adobe XD, Photoshop, Illustrator, Figma, Sketch<\/p>\r\n\t\t\t\t\t\t\t\t<\/div>\r\n\t\t\t\t\t\t\t<\/div>\r\n\t\t\t\t\t\t<\/div>\r\n\t\t\t\t\t<\/a>\r\n\t\t\t\t<\/div>\r\n\t\t\t\t\t\t\t<div class=\"work-container col-md-4\">\r\n\t\t\t\t\t<a href=\"https:\/\/aycagurses.com\/tr\/portfolio\/logistic-regression-and-titanic-case-study\/\">\r\n\t\t\t\t\t\t<div class=\"work-zoomer\"> <img decoding=\"async\" src=\"\" alt=\"\" \/>\r\n\t\t\t\t\t\t\t<div class=\"overlay\">\r\n\t\t\t\t\t\t\t\t<div class=\"work-texts\">\r\n\t\t\t\t\t\t\t\t\t<h5>Logistic Regression and Titanic Case Study<\/h5>\r\n\t\t\t\t\t\t\t\t\t<div class=\"line\"><\/div>\r\n\t\t\t\t\t\t\t\t\t<p>Machine Learning, Logistic Regression<\/p>\r\n\t\t\t\t\t\t\t\t<\/div>\r\n\t\t\t\t\t\t\t<\/div>\r\n\t\t\t\t\t\t<\/div>\r\n\t\t\t\t\t<\/a>\r\n\t\t\t\t<\/div>\r\n\t\t\t\t\t\t\t<div class=\"work-container col-md-4\">\r\n\t\t\t\t\t<a href=\"https:\/\/aycagurses.com\/tr\/portfolio\/understanding-jpeg-compression\/\">\r\n\t\t\t\t\t\t<div class=\"work-zoomer\"> <img decoding=\"async\" src=\"\" alt=\"\" \/>\r\n\t\t\t\t\t\t\t<div class=\"overlay\">\r\n\t\t\t\t\t\t\t\t<div class=\"work-texts\">\r\n\t\t\t\t\t\t\t\t\t<h5>Understanding JPEG Compression<\/h5>\r\n\t\t\t\t\t\t\t\t\t<div class=\"line\"><\/div>\r\n\t\t\t\t\t\t\t\t\t<p><\/p>\r\n\t\t\t\t\t\t\t\t<\/div>\r\n\t\t\t\t\t\t\t<\/div>\r\n\t\t\t\t\t\t<\/div>\r\n\t\t\t\t\t<\/a>\r\n\t\t\t\t<\/div>\r\n\t\t\t\t\t<\/div>\r\n\t<\/div>\r\n<\/section>\r\n\r\n\t\t\t<\/div>\n\t\t\t\t<\/div>\n\t\t\t\t\t<\/div>\n\t\t<\/div>\n\t\t\t\t\t\t\t<\/div>\n\t\t<\/section>\n\t\t\t\t<section class=\"elementor-section elementor-top-section elementor-element elementor-element-6cb7167 elementor-section-full_width elementor-section-height-default elementor-section-height-default\" data-id=\"6cb7167\" data-element_type=\"section\">\n\t\t\t\t\t\t<div class=\"elementor-container elementor-column-gap-no\">\n\t\t\t\t\t<div class=\"elementor-column elementor-col-100 elementor-top-column elementor-element elementor-element-c109917\" data-id=\"c109917\" data-element_type=\"column\">\n\t\t\t<div class=\"elementor-widget-wrap elementor-element-populated\">\n\t\t\t\t\t\t\t\t<div class=\"elementor-element elementor-element-a0eb8eb elementor-align-left elementor-widget elementor-widget-home-banner\" data-id=\"a0eb8eb\" data-element_type=\"widget\" data-widget_type=\"home-banner.default\">\n\t\t\t\t<div class=\"elementor-widget-container\">\n\t\t\t\r\n\t\t\t\t<section class=\"banner-action section-padding bg-img bg-fixed\" data-overlay-brown=\"8\" data-background=\"http:\/\/aycagurses.com\/wp-content\/uploads\/2025\/02\/Adsiz-tasarim.png\">\r\n\t\t\t\t\t<div class=\"container\">\r\n\t\t\t\t<div class=\"row\">\r\n\t\t\t\t\t<div class=\"col-md-12 mb-5\">\r\n\t\t\t\t\t\t<div class=\"text-center\">\r\n\t\t\t\t\t\t\t\t\t\t\t\t\t\t<h2>I'm always happy to connect! <\/h2>\r\n\t\t\t\t\t\t\t\t\t\t\t\t\t\t\t\t\t\t\t\t\t<h5>If you have any questions, comments, or project ideas please feel free to reach out. <\/h5>\r\n\t\t\t\t\t\t\t\t\t\t\t\t\t\t\t\t\t\t\t\t\t<div class=\"btn-3\"><a href=\"#contact\"><span>Contact Me  <small><i class=\"ti-angle-down\"><\/i><\/small><\/span><\/a><\/div>\r\n\t\t\t\t\t\t\t\t\t\t\t\t\t<\/div>\r\n\t\t\t\t\t<\/div>\r\n\t\t\t\t<\/div>\r\n\t\t\t<\/div>\r\n\t\t<\/section>\r\n\r\n\t\t\t<\/div>\n\t\t\t\t<\/div>\n\t\t\t\t\t<\/div>\n\t\t<\/div>\n\t\t\t\t\t\t\t<\/div>\n\t\t<\/section>\n\t\t\t\t<section class=\"elementor-section elementor-top-section elementor-element elementor-element-e96e9d5 elementor-section-full_width elementor-section-height-default elementor-section-height-default\" data-id=\"e96e9d5\" data-element_type=\"section\">\n\t\t\t\t\t\t<div class=\"elementor-container elementor-column-gap-no\">\n\t\t\t\t\t<div class=\"elementor-column elementor-col-100 elementor-top-column elementor-element elementor-element-1028cbb\" data-id=\"1028cbb\" data-element_type=\"column\">\n\t\t\t<div class=\"elementor-widget-wrap elementor-element-populated\">\n\t\t\t\t\t\t\t\t<div class=\"elementor-element elementor-element-fb6bf00 elementor-align-left elementor-widget elementor-widget-home-contact\" data-id=\"fb6bf00\" data-element_type=\"widget\" data-widget_type=\"home-contact.default\">\n\t\t\t\t<div class=\"elementor-widget-container\">\n\t\t\t\r\n\r\n\t\t<section id=\"contact\" class=\"contact section-padding\">\r\n\t\t\t<div class=\"container\">\r\n\t\t\t\t<div class=\"row\">\r\n\t\t\t\t\t<div class=\"col-md-12\">\r\n\t\t\t\t\t\t\t\t\t\t\t\t<h6 class=\"heading-subtitle\">Get in touch<\/h6>\r\n\t\t\t\t\t\t\t\t\t\t\t\t\t\t\t<h2 class=\"heading-title\">Contact Me<\/h2> \r\n\t\t\t\t\t\t\t<\/div>\r\n\t\t<\/div>\r\n\t\t<div class=\"row\">\r\n\t\t\t<!-- Contact Info -->\r\n\t\t\t<div class=\"col-md-6 mb-4\">\r\n\t\t\t\t\t\t\t\t<h5>Let's create the future<\/h5>\r\n\t\t\t\t\t\t\t\t\t\t\t\t<p>I'm available for commissions and collaborations,\n<br>and I\u2019m excited to hear from you about new projects. <\/p>\r\n\t\t\t\t\t\t\t\t<ul class=\"list-unstyled contact-list\">\r\n\t\t\t\t\t\t\t\t\t\t\t<li>\r\n\t\t\t\t\t\t\t\t\t\t\t\t\t\t\t<div class=\"icon\"><span class=\"ti-email\"><\/span><\/div>\r\n\t\t\t\t\t\t\t\t\t\t\t\t\t\t\t\t\t\t\t\t\t\t<div class=\"text\">\r\n\t\t\t\t\t\t\t\t\t<p><a href=\"mailto:contact@aycagurses.com\">\ncontact@aycagurses.com<\/a><\/p>\r\n\t\t\t\t\t\t\t\t<\/div>\r\n\t\t\t\t\t\t\t\t\t\t\t\t\t<\/li>\r\n\t\t\t\t\t\t\t\t\t\t\t<li>\r\n\t\t\t\t\t\t\t\t\t\t\t\t\t\t\t<div class=\"icon\"><span class=\"ti-linkedin\"><\/span><\/div>\r\n\t\t\t\t\t\t\t\t\t\t\t\t\t\t\t\t\t\t\t\t\t\t<div class=\"text\">\r\n\t\t\t\t\t\t\t\t\t<p>@aycgurses<\/p>\r\n\t\t\t\t\t\t\t\t<\/div>\r\n\t\t\t\t\t\t\t\t\t\t\t\t\t<\/li>\r\n\t\t\t\t\t\t\t\t\t\t\t<li>\r\n\t\t\t\t\t\t\t\t\t\t\t\t\t\t\t<div class=\"icon\"><span class=\"ti-location-pin\"><\/span><\/div>\r\n\t\t\t\t\t\t\t\t\t\t\t\t\t\t\t\t\t\t\t\t\t\t<div class=\"text\">\r\n\t\t\t\t\t\t\t\t\t<p>Istanbul, Turkiye<\/p>\r\n\t\t\t\t\t\t\t\t<\/div>\r\n\t\t\t\t\t\t\t\t\t\t\t\t\t<\/li>\r\n\t\t\t\t\t\t\t\t\t<\/ul>\r\n\t\t\t<\/div>\r\n\t\t\t<!-- Contact Form -->\r\n\t\t\t<div class=\"col-md-6\">\r\n\t\t\t\t\t\t\t\t<h5>Get in touch<\/h5>\r\n\t\t\t\t\t\t\t\t\t\t\t\t\n<div class=\"wpcf7 no-js\" id=\"wpcf7-f11-o1\" lang=\"tr-TR\" dir=\"ltr\" data-wpcf7-id=\"11\">\n<div class=\"screen-reader-response\"><p role=\"status\" aria-live=\"polite\" aria-atomic=\"true\"><\/p> <ul><\/ul><\/div>\n<form action=\"\/tr\/wp-json\/wp\/v2\/pages\/60#wpcf7-f11-o1\" method=\"post\" class=\"wpcf7-form init\" aria-label=\"\u0130leti\u015fim Formu\" novalidate=\"novalidate\" data-status=\"init\" data-trp-original-action=\"\/tr\/wp-json\/wp\/v2\/pages\/60#wpcf7-f11-o1\">\n<div style=\"display: none;\">\n<input type=\"hidden\" name=\"_wpcf7\" value=\"11\" \/>\n<input type=\"hidden\" name=\"_wpcf7_version\" value=\"6.0.4\" \/>\n<input type=\"hidden\" name=\"_wpcf7_locale\" value=\"tr_TR\" \/>\n<input type=\"hidden\" name=\"_wpcf7_unit_tag\" value=\"wpcf7-f11-o1\" \/>\n<input type=\"hidden\" name=\"_wpcf7_container_post\" value=\"0\" \/>\n<input type=\"hidden\" name=\"_wpcf7_posted_data_hash\" value=\"\" \/>\n<\/div>\n<p><label> Your name<br \/>\n<span class=\"wpcf7-form-control-wrap\" data-name=\"your-name\"><input size=\"40\" maxlength=\"400\" class=\"wpcf7-form-control wpcf7-text wpcf7-validates-as-required\" autocomplete=\"name\" aria-required=\"true\" aria-invalid=\"false\" value=\"\" type=\"text\" name=\"your-name\" \/><\/span> <\/label>\n<\/p>\n<p><label> Your email<br \/>\n<span class=\"wpcf7-form-control-wrap\" data-name=\"your-email\"><input size=\"40\" maxlength=\"400\" class=\"wpcf7-form-control wpcf7-email wpcf7-validates-as-required wpcf7-text wpcf7-validates-as-email\" autocomplete=\"email\" aria-required=\"true\" aria-invalid=\"false\" value=\"\" type=\"email\" name=\"your-email\" \/><\/span> <\/label>\n<\/p>\n<p><label> Subject<br \/>\n<span class=\"wpcf7-form-control-wrap\" data-name=\"your-subject\"><input size=\"40\" maxlength=\"400\" class=\"wpcf7-form-control wpcf7-text wpcf7-validates-as-required\" aria-required=\"true\" aria-invalid=\"false\" value=\"\" type=\"text\" name=\"your-subject\" \/><\/span> <\/label>\n<\/p>\n<p><label> Your message (optional)<br \/>\n<span class=\"wpcf7-form-control-wrap\" data-name=\"your-message\"><textarea cols=\"40\" rows=\"10\" maxlength=\"2000\" class=\"wpcf7-form-control wpcf7-textarea\" aria-invalid=\"false\" name=\"your-message\"><\/textarea><\/span> <\/label>\n<\/p>\n<p><input class=\"wpcf7-form-control wpcf7-submit has-spinner\" type=\"submit\" value=\"Submit\" \/>\n<\/p><div class=\"wpcf7-response-output\" aria-hidden=\"true\"><\/div>\n<input type=\"hidden\" name=\"trp-form-language\" value=\"tr\"\/><\/form>\n<\/div>\n\t\t\t\t\t\t\t<\/div>\r\n\t\t<\/div>\r\n\t<\/div>\r\n<\/section>\r\n\r\n\t\t\t<\/div>\n\t\t\t\t<\/div>\n\t\t\t\t\t<\/div>\n\t\t<\/div>\n\t\t\t\t\t\t\t<\/div>\n\t\t<\/section>\n\t\t\t\t\t\t<\/div>\n\t\t\t\t\t<\/div>","protected":false},"excerpt":{"rendered":"<p>Ayca Gurses Computer Engineer contact@aycagurses.com Istanbul, Turkiye About Me Ayca Gurses Hello! I&#8217;m Ayca Gurses, a Computer Engineer from Istanbul with a Bachelor&#8217;s in Computer Engineering and a Master&#8217;s in Artificial Intelligence. I have managed various IT projects from start to finish\u2014following SDLC best practices\u2014to build web applications, CRM and procurement systems, and secure digital [&hellip;]<\/p>","protected":false},"author":1,"featured_media":0,"parent":0,"menu_order":0,"comment_status":"closed","ping_status":"closed","template":"page-templates\/home.php","meta":{"footnotes":""},"class_list":["post-60","page","type-page","status-publish","hentry"],"_links":{"self":[{"href":"https:\/\/aycagurses.com\/tr\/wp-json\/wp\/v2\/pages\/60","targetHints":{"allow":["GET"]}}],"collection":[{"href":"https:\/\/aycagurses.com\/tr\/wp-json\/wp\/v2\/pages"}],"about":[{"href":"https:\/\/aycagurses.com\/tr\/wp-json\/wp\/v2\/types\/page"}],"author":[{"embeddable":true,"href":"https:\/\/aycagurses.com\/tr\/wp-json\/wp\/v2\/users\/1"}],"replies":[{"embeddable":true,"href":"https:\/\/aycagurses.com\/tr\/wp-json\/wp\/v2\/comments?post=60"}],"version-history":[{"count":128,"href":"https:\/\/aycagurses.com\/tr\/wp-json\/wp\/v2\/pages\/60\/revisions"}],"predecessor-version":[{"id":441,"href":"https:\/\/aycagurses.com\/tr\/wp-json\/wp\/v2\/pages\/60\/revisions\/441"}],"wp:attachment":[{"href":"https:\/\/aycagurses.com\/tr\/wp-json\/wp\/v2\/media?parent=60"}],"curies":[{"name":"wp","href":"https:\/\/api.w.org\/{rel}","templated":true}]}}